{"id":413,"date":"2023-11-02T22:12:29","date_gmt":"2023-11-02T21:12:29","guid":{"rendered":"https:\/\/cucharaverde-catering.com\/politica-de-cookies\/"},"modified":"2023-12-28T09:24:15","modified_gmt":"2023-12-28T08:24:15","slug":"cookies-policy","status":"publish","type":"page","link":"https:\/\/cucharaverde-catering.com\/en\/cookies-policy\/","title":{"rendered":"COOKIES POLICY"},"content":{"rendered":"<div class=\"wpb-content-wrapper\"><p>[vc_row full_width=&#8221;stretch_row_content_no_spaces&#8221; css=&#8221;.vc_custom_1698952464333{margin-top: -90px !important;margin-right: 0px !important;margin-bottom: 0px !important;margin-left: 0px !important;padding-top: 0px !important;padding-right: 0px !important;padding-bottom: 0px !important;padding-left: 0px !important;background-image: url(https:\/\/cucharaverde-catering.com\/wp-content\/uploads\/2023\/11\/cabecera-legal.jpg?id=232) !important;background-position: center !important;background-repeat: no-repeat !important;background-size: cover !important;}&#8221;][vc_column css=&#8221;.vc_custom_1698965706018{margin-top: 0px !important;margin-right: 0px !important;margin-bottom: 0px !important;margin-left: 0px !important;padding-top: 0px !important;padding-right: 35px !important;padding-bottom: 0px !important;padding-left: 35px !important;}&#8221;][vc_single_image image=&#8221;474&#8243; img_size=&#8221;527&#215;96&#8243; alignment=&#8221;center&#8221; css=&#8221;.vc_custom_1703751837338{margin-top: 0px !important;margin-right: 0px !important;margin-bottom: 0px !important;margin-left: 0px !important;padding-right: 0px !important;padding-left: 0px !important;}&#8221; el_class=&#8221;tait hideonmobile&#8221;][vc_single_image image=&#8221;476&#8243; img_size=&#8221;500&#215;151&#8243; alignment=&#8221;center&#8221; css=&#8221;.vc_custom_1703751849238{margin-top: 0px !important;margin-right: 0px !important;margin-bottom: 0px !important;margin-left: 0px !important;padding-right: 0px !important;padding-left: 0px !important;}&#8221; el_class=&#8221;tait showonmobile&#8221;][\/vc_column][\/vc_row][vc_row full_width=&#8221;stretch_row_content_no_spaces&#8221; content_placement=&#8221;bottom&#8221; css=&#8221;.vc_custom_1698935753936{margin-top: 55px !important;margin-right: 0px !important;margin-bottom: 75px !important;margin-left: 0px !important;padding-top: 0px !important;padding-right: 0px !important;padding-bottom: 0px !important;padding-left: 0px !important;background-position: center !important;background-repeat: no-repeat !important;background-size: cover !important;}&#8221;][vc_column width=&#8221;2\/12&#8243;][\/vc_column][vc_column width=&#8221;8\/12&#8243; css=&#8221;.vc_custom_1698938113513{margin-top: 0px !important;margin-right: 0px !important;margin-bottom: 15px !important;margin-left: 0px !important;padding-top: 0px !important;padding-right: 0px !important;padding-bottom: 0px !important;padding-left: 0px !important;}&#8221;][vc_column_text css=&#8221;.vc_custom_1698959264906{margin-top: 0px !important;margin-right: 0px !important;margin-bottom: 0px !important;margin-left: 0px !important;padding-top: 0px !important;padding-right: 0px !important;padding-bottom: 0px !important;padding-left: 0px !important;}&#8221;]<\/p>\n<h4 style=\"color: #075249; background-color: #d4decc; width: 100%; padding: 3px 25px;\">1. \u00bfQu\u00e9 son las cookies?<\/h4>\n<p>[\/vc_column_text][vc_column_text css=&#8221;.vc_custom_1698959448582{margin-top: 0px !important;margin-right: 0px !important;margin-bottom: 0px !important;margin-left: 0px !important;padding-top: 20px !important;padding-right: 30px !important;padding-bottom: 20px !important;padding-left: 30px !important;}&#8221;]<\/p>\n<h5 style=\"text-align: left;\"><span style=\"color: #000000;\">La Web cucharaverde-catering.com\/ (en adelante la Web) utiliza Cookies. Las Cookies son ficheros enviados a un navegador por medio de un servidor web para registrar las actividades del Usuario en una web determinada. La primera finalidad de las Cookies es la de facilitar al usuario un acceso m\u00e1s r\u00e1pido a los servicios seleccionados. Adem\u00e1s, las Cookies personalizan los servicios que ofrece la Web, facilitando y ofreciendo a cada usuario informaci\u00f3n que es de su inter\u00e9s o que puede ser de su inter\u00e9s, en atenci\u00f3n al uso que realiza de los Servicios.<\/span><\/h5>\n<h5 style=\"text-align: left;\"><span style=\"color: #000000;\">La Web utiliza Cookies para personalizar y facilitar al m\u00e1ximo la navegaci\u00f3n del usuario. Las Cookies se asocian \u00fanicamente a un usuario an\u00f3nimo y su ordenador y no proporcionan referencias que permitan deducir datos personales del usuario. El usuario podr\u00e1 configurar su navegador para que notifique y rechace la instalaci\u00f3n las Cookies enviadas por la Web, sin que ello perjudique la posibilidad del usuario de acceder a los contenidos de dicha web. Sin embargo, le hacemos notar que, en todo caso, la calidad de funcionamiento de la p\u00e1gina Web puede disminuir.<\/span><\/h5>\n<p>[\/vc_column_text][vc_column_text css=&#8221;.vc_custom_1698959283265{margin-top: 0px !important;margin-right: 0px !important;margin-bottom: 0px !important;margin-left: 0px !important;padding-top: 0px !important;padding-right: 0px !important;padding-bottom: 0px !important;padding-left: 0px !important;}&#8221;]<\/p>\n<h4 style=\"color: #075249; background-color: #d4decc; width: 100%; padding: 3px 25px;\">2. \u00bfQu\u00e9 tipos de cookies existen?<\/h4>\n<p>[\/vc_column_text][vc_column_text css=&#8221;.vc_custom_1698959541711{margin-top: 0px !important;margin-right: 0px !important;margin-bottom: 0px !important;margin-left: 0px !important;padding-top: 20px !important;padding-right: 30px !important;padding-bottom: 20px !important;padding-left: 30px !important;}&#8221;]<\/p>\n<h5>Las Cookies, en funci\u00f3n de su <strong>PERMANENCIA<\/strong>, pueden dividirse en:<\/h5>\n<h5><strong>Cookies de sesi\u00f3n<\/strong> Expiran cuando el usuario cierra el navegador.<\/h5>\n<h5><strong>Cookies persistentes<\/strong> Expiran en funci\u00f3n de cuando se cumpla el objetivo para el que sirven (por ejemplo, para que el usuario se mantenga identificado en los Servicios) o bien cuando se borran manualmente.<\/h5>\n<h5>En funci\u00f3n de su PROPIETARIO, pueden dividirse en:<\/h5>\n<h5><strong>Cookies propias <\/strong>Son aqu\u00e9llas que se env\u00edan al equipo terminal del usuario desde un equipo o dominio gestionado por el propio editor y desde el que se presta el servicio solicitado por el usuario.<\/h5>\n<h5><strong>Cookies de terceros<\/strong> Son aqu\u00e9llas que se env\u00edan al equipo terminal del usuario desde un equipo o dominio que no es gestionado por el editor, sino por otra entidad que trata los datos obtenidos trav\u00e9s de las cookies.<\/h5>\n<h5>Adicionalmente, en funci\u00f3n de su OBJETIVO, las Cookies pueden clasificarse de la siguiente forma:<\/h5>\n<h5><strong>Cookies de rendimiento<\/strong> Este tipo de Cookie recuerda sus preferencias para las herramientas que se encuentran en los servicios, por lo que no tiene que volver a configurar el servicio cada vez que usted visita. A modo de ejemplo, en esta tipolog\u00eda se incluyen:<br \/>\nAjustes de volumen de reproductores de v\u00eddeo o sonido.<br \/>\nLas velocidades de transmisi\u00f3n de v\u00eddeo que sean compatibles con su navegador.<\/h5>\n<h5><strong>Cookies de Geo-localizaci\u00f3n<\/strong> Estas Cookies son utilizadas para averiguar en qu\u00e9 pa\u00eds se encuentra cuando se solicita un servicio. Esta Cookie es totalmente an\u00f3nima, y s\u00f3lo se utiliza para ayudar a orientar el contenido a su ubicaci\u00f3n.<\/h5>\n<h5><strong>Cookies de registro<\/strong> Las Cookies de registro se generan una vez que el usuario se ha registrado o posteriormente ha abierto su sesi\u00f3n, y se utilizan para identificarle en los servicios con los siguientes objetivos:<br \/>\n\u00b7 Mantener al usuario identificado de forma que, si cierra un servicio, el navegador o el ordenador y en otro momento u otro d\u00eda vuelve a entrar en dicho servicio, seguir\u00e1 identificado, facilitando as\u00ed su navegaci\u00f3n sin tener que volver a identificarse. Esta funcionalidad se puede suprimir si el usuario pulsa la funcionalidad \u201ccerrar sesi\u00f3n\u201d, de forma que esta Cookie se elimina y la pr\u00f3xima vez que entre en el servicio el usuario tendr\u00e1 que iniciar sesi\u00f3n para estar identificado.<br \/>\n\u00b7 Comprobar si el usuario est\u00e1 autorizado para acceder a ciertos servicios, por ejemplo, para participar en un concurso.<\/h5>\n<h5><strong>Cookies anal\u00edticas<\/strong> Cada vez que un Usuario visita un servicio, una herramienta de un proveedor externo genera una Cookie anal\u00edtica en el ordenador del usuario. Esta Cookie que s\u00f3lo se genera en la visita, servir\u00e1 en pr\u00f3ximas visitas a los Servicios de la Web para identificar de forma an\u00f3nima al visitante. Los objetivos principales que se persiguen son:<br \/>\n\u00b7 Permitir la identificaci\u00f3n an\u00f3nima de los usuarios navegantes a trav\u00e9s de la \u201cCookie\u201d (identifica navegadores y dispositivos, no personas) y por lo tanto la contabilizaci\u00f3n aproximada del n\u00famero de visitantes y su tendencia en el tiempo.<br \/>\n\u00b7 Identificar de forma an\u00f3nima los contenidos m\u00e1s visitados y por lo tanto m\u00e1s atractivos para los usuarios.<br \/>\n\u00b7 Saber si el usuario que est\u00e1 accediendo es nuevo o repite visita.<br \/>\nImportante: Salvo que el usuario decida registrarse en un servicio de la Web, la \u201cCookie\u201d nunca ir\u00e1 asociada a ning\u00fan dato de car\u00e1cter personal que pueda identificarle. Dichas Cookies s\u00f3lo ser\u00e1n utilizadas con prop\u00f3sitos estad\u00edsticos que ayuden a la optimizaci\u00f3n de la experiencia de los Usuarios en el sitio.<\/h5>\n<h5><strong>Cookies de publicidad comportamental <\/strong>Este tipo de \u201cCookies\u201d permite ampliar la informaci\u00f3n de los anuncios mostrados a cada usuario an\u00f3nimo en los Servicios de la Web. Entre otros, se almacena la duraci\u00f3n o frecuencia de visualizaci\u00f3n de posiciones publicitarias, la interacci\u00f3n con las mismas, o los patrones de navegaci\u00f3n y\/o compartimientos del usuario ya que ayudan a conformar un perfil de inter\u00e9s publicitario. De este modo, permiten ofrecer publicidad af\u00edn a los intereses del usuario.<\/h5>\n<h5><strong>Cookies publicitarias de terceros<\/strong> Adem\u00e1s de la publicidad gestionada por la Web en sus Servicios, la Web ofrece a sus anunciantes la opci\u00f3n de servir anuncios a trav\u00e9s de terceros (\u201cAdServers\u201d). De este modo, estos terceros pueden almacenar Cookies enviadas desde los Servicios de la Web procedentes de los navegadores de los Usuarios, as\u00ed como acceder a los datos que en ellas se guardan.<\/h5>\n<p>[\/vc_column_text][vc_column_text css=&#8221;.vc_custom_1698959321593{margin-top: 0px !important;margin-right: 0px !important;margin-bottom: 0px !important;margin-left: 0px !important;padding-top: 0px !important;padding-right: 0px !important;padding-bottom: 0px !important;padding-left: 0px !important;}&#8221;]<\/p>\n<h4 style=\"color: #075249; background-color: #d4decc; width: 100%; padding: 3px 25px;\">3. \u00bfQu\u00e9 cookies utilizamos?<\/h4>\n<p>[\/vc_column_text][vc_column_text css=&#8221;.vc_custom_1698960552240{margin-top: 0px !important;margin-right: 0px !important;margin-bottom: 0px !important;margin-left: 0px !important;padding-top: 20px !important;padding-right: 30px !important;padding-bottom: 20px !important;padding-left: 30px !important;}&#8221;]<\/p>\n<h4 style=\"text-align: left;\"><span style=\"color: #075349;\">PROPIAS<\/span><\/h4>\n<table class=\"hideonmobile\" border=\"1\" width=\"100%\" cellspacing=\"0\" cellpadding=\"0\">\n<tbody>\n<tr>\n<td align=\"left\" valign=\"top\" width=\"25%\" height=\"40\">\n<h5><strong>NOMBRE<\/strong><\/h5>\n<\/td>\n<td align=\"left\" valign=\"top\" width=\"15%\">\n<h5><strong>TIPO<\/strong><\/h5>\n<\/td>\n<td align=\"left\" valign=\"top\" width=\"15%\">\n<h5><strong>DOMINIO<\/strong><\/h5>\n<\/td>\n<td align=\"left\" valign=\"top\" width=\"15%\">\n<h5><strong>CADUCIDAD<\/strong><\/h5>\n<\/td>\n<td align=\"left\" valign=\"top\" width=\"30%\">\n<h5><strong>FUNCI\u00d3N<\/strong><\/h5>\n<\/td>\n<\/tr>\n<tr>\n<td align=\"left\" valign=\"top\" height=\"40\">\n<h5>cookielawinfo-checkbox-necessary<\/h5>\n<\/td>\n<td align=\"left\" valign=\"top\">\n<h5>Registro<\/h5>\n<\/td>\n<td align=\"left\" valign=\"top\">\n<h5><a href=\"https:\/\/wordpress.org\/plugins\/cookie-law-info\/\" target=\"_blank\" rel=\"noopener noreferrer\">GDPR Cookie Consent plugin<\/a><\/h5>\n<\/td>\n<td align=\"left\" valign=\"top\">\n<h5>1 a\u00f1o<\/h5>\n<\/td>\n<td align=\"left\" valign=\"top\">\n<h5>Utilizada para la aceptaci\u00f3n de cookies necesarias.<\/h5>\n<\/td>\n<\/tr>\n<tr>\n<td align=\"left\" valign=\"top\" height=\"40\">\n<h5>cookielawinfo-checkbox-necessary<\/h5>\n<\/td>\n<td align=\"left\" valign=\"top\">\n<h5>Registro<\/h5>\n<\/td>\n<td align=\"left\" valign=\"top\">\n<h5><a href=\"https:\/\/wordpress.org\/plugins\/cookie-law-info\/\" target=\"_blank\" rel=\"noopener noreferrer\">GDPR Cookie Consent plugin<\/a><\/h5>\n<\/td>\n<td align=\"left\" valign=\"top\">\n<h5>1 d\u00eda<\/h5>\n<\/td>\n<td align=\"left\" valign=\"top\">\n<h5>Utilizada para la aceptaci\u00f3n de cookies necesarias.<\/h5>\n<\/td>\n<\/tr>\n<tr>\n<td align=\"left\" valign=\"top\" height=\"40\">\n<h5>cookielawinfo-checkbox-non-necessary<\/h5>\n<\/td>\n<td align=\"left\" valign=\"top\">\n<h5>Registro<\/h5>\n<\/td>\n<td align=\"left\" valign=\"top\">\n<h5><a href=\"https:\/\/wordpress.org\/plugins\/cookie-law-info\/\" target=\"_blank\" rel=\"noopener noreferrer\">GDPR Cookie Consent plugin<\/a><\/h5>\n<\/td>\n<td align=\"left\" valign=\"top\">\n<h5>1 d\u00eda<\/h5>\n<\/td>\n<td align=\"left\" valign=\"top\">\n<h5>Contiene el valor de si se ha aceptado la pol\u00edtica de cooikes y privacidad<\/h5>\n<\/td>\n<\/tr>\n<tr>\n<td align=\"left\" valign=\"top\" height=\"40\">\n<h5>vchideactivationmsg_vc11<\/h5>\n<\/td>\n<td align=\"left\" valign=\"top\">\n<h5>Rendimiento<\/h5>\n<\/td>\n<td align=\"left\" valign=\"top\">\n<h5>WORDPRESS<\/h5>\n<\/td>\n<td align=\"left\" valign=\"top\">\n<h5>1 mes<\/h5>\n<\/td>\n<td align=\"left\" valign=\"top\">\n<h5>Almacena el n\u00famero de versi\u00f3n para actualizaciones de sistema<\/h5>\n<\/td>\n<\/tr>\n<tr>\n<td align=\"left\" valign=\"top\" height=\"40\">\n<h5>viewed_cookie_policy<\/h5>\n<\/td>\n<td align=\"left\" valign=\"top\">\n<h5>Registro<\/h5>\n<\/td>\n<td align=\"left\" valign=\"top\">\n<h5><a href=\"https:\/\/wordpress.org\/plugins\/cookie-law-info\/\" target=\"_blank\" rel=\"noopener noreferrer\">GDPR Cookie Consent plugin<\/a><\/h5>\n<\/td>\n<td align=\"left\" valign=\"top\">\n<h5>1 a\u00f1o<\/h5>\n<\/td>\n<td align=\"left\" valign=\"top\">\n<h5>Necesaria para el funcionamiento de la visualizaci\u00f3n de la pol\u00edtica de cookies de la web.<\/h5>\n<\/td>\n<\/tr>\n<tr>\n<td align=\"left\" valign=\"top\" height=\"40\">\n<h5>wordpress_test_cookie<\/h5>\n<\/td>\n<td align=\"left\" valign=\"top\">\n<h5>Registro<\/h5>\n<\/td>\n<td align=\"left\" valign=\"top\">\n<h5>WORDPRESS<\/h5>\n<\/td>\n<td align=\"left\" valign=\"top\">\n<h5>Sesi\u00f3n<\/h5>\n<\/td>\n<td align=\"left\" valign=\"top\">\n<h5>Comprueba si el navegador tiene las <em>cookies<\/em> activadas.<\/h5>\n<\/td>\n<\/tr>\n<\/tbody>\n<\/table>\n<h6><\/h6>\n<h4 style=\"text-align: left;\"><span style=\"color: #075349;\">DE TERCEROS<\/span><\/h4>\n<table class=\"hideonmobile\" border=\"1\" width=\"100%\" cellspacing=\"0\" cellpadding=\"0\">\n<tbody>\n<tr>\n<td align=\"left\" valign=\"top\" width=\"25%\" height=\"40\">\n<h5><strong>NOMBRE<\/strong><\/h5>\n<\/td>\n<td align=\"left\" valign=\"top\" width=\"15%\">\n<h5><strong>TIPO<\/strong><\/h5>\n<\/td>\n<td align=\"left\" valign=\"top\" width=\"15%\">\n<h5><strong>DOMINIO<\/strong><\/h5>\n<\/td>\n<td align=\"left\" valign=\"top\" width=\"15%\">\n<h5><strong>CADUCIDAD<\/strong><\/h5>\n<\/td>\n<td align=\"left\" valign=\"top\" width=\"30%\">\n<h5><strong>FUNCI\u00d3N<\/strong><\/h5>\n<\/td>\n<\/tr>\n<tr>\n<td align=\"left\" valign=\"top\" height=\"40\">\n<h5>_ga<\/h5>\n<\/td>\n<td align=\"left\" valign=\"top\">\n<h5>Anal\u00edtica<\/h5>\n<\/td>\n<td align=\"left\" valign=\"top\">\n<h5><a href=\"https:\/\/developers.google.com\/analytics\/devguides\/collection\/analyticsjs\/cookie-usage?hl=es\" target=\"_blank\" rel=\"noopener noreferrer\">Google Analytics<\/a><\/h5>\n<\/td>\n<td align=\"left\" valign=\"top\">\n<h5>2 a\u00f1os<\/h5>\n<\/td>\n<td align=\"left\" valign=\"top\">\n<h5>Habilita la funci\u00f3n de control de visitas \u00fanicas.<\/h5>\n<\/td>\n<\/tr>\n<tr>\n<td align=\"left\" valign=\"top\" height=\"40\">\n<h5>_gat<\/h5>\n<\/td>\n<td align=\"left\" valign=\"top\">\n<h5>Anal\u00edtica<\/h5>\n<\/td>\n<td align=\"left\" valign=\"top\">\n<h5><a href=\"https:\/\/developers.google.com\/analytics\/devguides\/collection\/analyticsjs\/cookie-usage?hl=es\" target=\"_blank\" rel=\"noopener noreferrer\">Google Analytics<\/a><\/h5>\n<\/td>\n<td align=\"left\" valign=\"top\">\n<h5>10 minutos<\/h5>\n<\/td>\n<td align=\"left\" valign=\"top\">\n<h5>Se utiliza para limitar la velocidad de petici\u00f3n.<\/h5>\n<\/td>\n<\/tr>\n<tr>\n<td align=\"left\" valign=\"top\" height=\"40\">\n<h5>_gid<\/h5>\n<\/td>\n<td align=\"left\" valign=\"top\">\n<h5>Anal\u00edtica<\/h5>\n<\/td>\n<td align=\"left\" valign=\"top\">\n<h5><a href=\"https:\/\/developers.google.com\/analytics\/devguides\/collection\/analyticsjs\/cookie-usage?hl=es\" target=\"_blank\" rel=\"noopener noreferrer\">Google Analytics<\/a><\/h5>\n<\/td>\n<td align=\"left\" valign=\"top\">\n<h5>1 d\u00eda<\/h5>\n<\/td>\n<td align=\"left\" valign=\"top\">\n<h5>Es responsable de rastrear el comportamiento del usuario.<\/h5>\n<\/td>\n<\/tr>\n<\/tbody>\n<\/table>\n<h6 style=\"text-align: left;\"><\/h6>\n<p>[\/vc_column_text][vc_column_text css=&#8221;.vc_custom_1698959329704{margin-top: 0px !important;margin-right: 0px !important;margin-bottom: 0px !important;margin-left: 0px !important;padding-top: 0px !important;padding-right: 0px !important;padding-bottom: 0px !important;padding-left: 0px !important;}&#8221;]<\/p>\n<h4 style=\"color: #075249; background-color: #d4decc; width: 100%; padding: 3px 25px;\">4. \u00bfC\u00f3mo deshabilitar las Cookies?<\/h4>\n<p>[\/vc_column_text][vc_column_text css=&#8221;.vc_custom_1698959609941{margin-top: 0px !important;margin-right: 0px !important;margin-bottom: 0px !important;margin-left: 0px !important;padding-top: 20px !important;padding-right: 30px !important;padding-bottom: 20px !important;padding-left: 30px !important;}&#8221;]<\/p>\n<h5>Normalmente es posible dejar de aceptar las Cookies del navegador, o dejar de aceptar las Cookies de un Servicio en particular.<\/h5>\n<h5>Todos los navegadores modernos permiten cambiar la configuraci\u00f3n de Cookies. Estos ajustes normalmente se encuentran en las \u00a8opciones\u00a8 o \u00a8preferencias\u00a8 del men\u00fa de su navegador. Asimismo, puede configurar su navegador o su gestor de correo electr\u00f3nico, as\u00ed como instalar complementos gratuitos para evitar que se descarguen los Web Bugs al abrir un email.<\/h5>\n<h5>La Web ofrece orientaci\u00f3n al Usuario sobre los pasos para acceder al men\u00fa de configuraci\u00f3n de las cookies y, en su caso, de la navegaci\u00f3n privada en cada uno de los navegadores principales:<br \/>\n<strong>Internet Explorer<\/strong> Herramientas &gt; Opciones de Internet &gt; Privacidad &gt; Configuraci\u00f3n.<br \/>\nPara m\u00e1s informaci\u00f3n, puede consultar el soporte de Microsoft o la Ayuda del navegador.<br \/>\n<strong>Microsoft Edge<\/strong> Configuraci\u00f3n y m\u00e1s &gt; Configuraci\u00f3n &gt; Borrar datos de exploraci\u00f3n.<br \/>\n<strong>Firefox<\/strong> Herramientas &gt; Opciones &gt; Privacidad &gt; Historial &gt; Configuraci\u00f3n personalizada.<br \/>\n<strong>Chrome<\/strong> Configuraci\u00f3n &gt; Configuraci\u00f3n avanzada &gt; Privacidad y seguridad &gt; Borrar datos de navegaci\u00f3n.<br \/>\n<strong>Safari<\/strong> Preferencias &gt; Seguridad.<br \/>\nPara m\u00e1s informaci\u00f3n, puede consultar el soporte de Apple o la Ayuda del navegador.<\/h5>\n<p>[\/vc_column_text][vc_column_text css=&#8221;.vc_custom_1698959341168{margin-top: 0px !important;margin-right: 0px !important;margin-bottom: 0px !important;margin-left: 0px !important;padding-top: 0px !important;padding-right: 0px !important;padding-bottom: 0px !important;padding-left: 0px !important;}&#8221;]<\/p>\n<h4 style=\"color: #075249; background-color: #d4decc; width: 100%; padding: 3px 25px;\">5. \u00bfSe pueden producir modificaciones de la Pol\u00edtica de Cookies?<\/h4>\n<p>[\/vc_column_text][vc_column_text css=&#8221;.vc_custom_1698959624812{margin-top: 0px !important;margin-right: 0px !important;margin-bottom: 0px !important;margin-left: 0px !important;padding-top: 20px !important;padding-right: 30px !important;padding-bottom: 20px !important;padding-left: 30px !important;}&#8221;]<\/p>\n<h5 style=\"text-align: left;\">La Web puede modificar esta Pol\u00edtica de Cookies en funci\u00f3n de las exigencias legislativas, reglamentarias, o con la finalidad de adaptar dicha pol\u00edtica a las instrucciones dictadas por la Agencia Espa\u00f1ola de Protecci\u00f3n de Datos, por ello se aconseja a los usuarios que la visiten peri\u00f3dicamente. Cuando se produzcan cambios significativos en esta Pol\u00edtica de Cookies, se comunicar\u00e1n a los usuarios bien mediante la web o a trav\u00e9s de correo electr\u00f3nico a los usuarios registrados.<\/h5>\n<p>[\/vc_column_text][\/vc_column][vc_column width=&#8221;2\/12&#8243; css=&#8221;.vc_custom_1698935516956{margin-top: 0px !important;margin-right: 0px !important;margin-bottom: 0px !important;margin-left: 0px !important;padding-top: 0px !important;padding-right: 50px !important;padding-bottom: 0px !important;padding-left: 50px !important;}&#8221;][\/vc_column][\/vc_row]<\/p>\n<\/div>","protected":false},"excerpt":{"rendered":"<p>[vc_row full_width=&#8221;stretch_row_content_no_spaces&#8221; css=&#8221;.vc_custom_1698952464333{margin-top: -90px !important;margin-right: 0px !important;margin-bottom: 0px !important;margin-left: 0px !important;padding-top: 0px !important;padding-right: 0px !important;padding-bottom: 0px !important;padding-left: 0px !important;background-image: url(https:\/\/cucharaverde-catering.com\/wp-content\/uploads\/2023\/11\/cabecera-legal.jpg?id=232) !important;background-position: center !important;background-repeat: no-repeat !important;background-size: cover !important;}&#8221;][vc_column css=&#8221;.vc_custom_1698965706018{margin-top: 0px !important;margin-right: 0px !important;margin-bottom: 0px !important;margin-left: 0px !important;padding-top: 0px !important;padding-right: 35px !important;padding-bottom: 0px !important;padding-left: 35px !important;}&#8221;][vc_single_image image=&#8221;474&#8243; img_size=&#8221;527&#215;96&#8243; alignment=&#8221;center&#8221; css=&#8221;.vc_custom_1703751837338{margin-top: 0px !important;margin-right: 0px !important;margin-bottom: 0px !important;margin-left: 0px&hellip;<\/p>\n","protected":false},"author":1,"featured_media":0,"parent":0,"menu_order":0,"comment_status":"closed","ping_status":"open","template":"template-microsite.php","meta":{"footnotes":""},"class_list":["post-413","page","type-page","status-publish","hentry","description-off"],"_links":{"self":[{"href":"https:\/\/cucharaverde-catering.com\/en\/wp-json\/wp\/v2\/pages\/413","targetHints":{"allow":["GET"]}}],"collection":[{"href":"https:\/\/cucharaverde-catering.com\/en\/wp-json\/wp\/v2\/pages"}],"about":[{"href":"https:\/\/cucharaverde-catering.com\/en\/wp-json\/wp\/v2\/types\/page"}],"author":[{"embeddable":true,"href":"https:\/\/cucharaverde-catering.com\/en\/wp-json\/wp\/v2\/users\/1"}],"replies":[{"embeddable":true,"href":"https:\/\/cucharaverde-catering.com\/en\/wp-json\/wp\/v2\/comments?post=413"}],"version-history":[{"count":9,"href":"https:\/\/cucharaverde-catering.com\/en\/wp-json\/wp\/v2\/pages\/413\/revisions"}],"predecessor-version":[{"id":478,"href":"https:\/\/cucharaverde-catering.com\/en\/wp-json\/wp\/v2\/pages\/413\/revisions\/478"}],"wp:attachment":[{"href":"https:\/\/cucharaverde-catering.com\/en\/wp-json\/wp\/v2\/media?parent=413"}],"curies":[{"name":"wp","href":"https:\/\/api.w.org\/{rel}","templated":true}]}}